{"id":1207,"date":"2023-06-08T07:55:15","date_gmt":"2023-06-08T00:55:15","guid":{"rendered":"https:\/\/demo.vugiathanphap.com\/gioi-thieu\/"},"modified":"2023-12-01T13:19:04","modified_gmt":"2023-12-01T06:19:04","slug":"gioi-thieu","status":"publish","type":"page","link":"https:\/\/nguyenlieuthucpham.com.vn\/en\/gioi-thieu\/","title":{"rendered":"About us"},"content":{"rendered":"<div class=\"noidung\" style=\"margin-bottom: 20px\">\n<p style=\"text-align: justify\"><a href=\"https:\/\/vietmychem.com.vn\/\" target=\"_blank\" rel=\"noopener\"><span style=\"color: #0099ff\"><strong>C\u00f4ng Ty H\u00f3a Ch\u1ea5t Vi\u1ec7t M\u1ef9\u00a0(VMCGROUP)<\/strong><\/span><\/a>\u00a0l\u00e0\u00a0c\u00f4ng ty\u00a0nh\u1eadp kh\u1ea9u v\u00e0 ph\u00e2n ph\u1ed1i c\u00e1c lo\u1ea1i h\u00f3a ch\u1ea5t th\u1ee7y s\u1ea3n,\u00a0h\u00f3a ch\u1ea5t\u00a0c\u00f4ng nghi\u1ec7p,\u00a0dung m\u00f4i,\u00a0h\u01b0\u01a1ng li\u1ec7u,\u00a0ch\u1ea5t ph\u1ee5 gia,\u00a0m\u00e0u th\u1ef1c ph\u1ea9m,\u00a0ch\u1ea5t t\u1ea9y r\u1eeda\u00a0v\u1edbi\u00a0h\u1ec7 th\u1ed1ng ph\u00e2n ph\u1ed1i l\u1edbn nh\u1ea5t to\u00e0n qu\u1ed1c.<\/p>\n<p style=\"text-align: justify\">V\u1edbi s\u1ee9 m\u1ec7nh ti\u00ean phong:\u00a0\u201cNh\u00e0 cung c\u1ea5p\u00a0t\u1ed5ng th\u1ec3\u00a0cho t\u1ea5t c\u1ea3 c\u00e1c nhu c\u1ea7u v\u1ec1 c\u00f4ng nghi\u1ec7p\u00a0h\u00f3a ch\u1ea5t\u201d C\u00f4ng Ty H\u00f3a Ch\u1ea5t Vi\u1ec7t M\u1ef9\u00a0lu\u00f4n\u00a0n\u00e2ng cao\u00a0ch\u1ea5t l\u01b0\u1ee3ng s\u1ea3n ph\u1ea9m v\u00e0\u00a0phong c\u00e1ch\u00a0ph\u1ee5c v\u1ee5 chuy\u00ean nghi\u1ec7p nh\u1eb1m \u0111\u00e1p \u1ee9ng\u00a0cao h\u01a1n n\u1eefa m\u1ee9c \u0111\u1ed9 h\u00e0i l\u00f2ng c\u1ee7a Qu\u00fd kh\u00e1ch h\u00e0ng.<\/p>\n<p style=\"text-align: justify\"><strong>T\u1eadp \u0110o\u00e0n H\u00f3a Ch\u1ea5t VMCGROUP<\/strong>\u00a0lu\u00f4n l\u00e0\u00a0nh\u00e0 cung c\u1ea5p uy t\u00edn, \u0111\u1ed1i t\u00e1c \u0111\u00e1ng tin c\u1eady\u00a0song h\u00e0nh c\u00f9ng s\u1ef1 th\u00e0nh c\u00f4ng c\u1ee7a Qu\u00fd kh\u00e1ch! Ch\u00fang t\u00f4i cam k\u1ebft ch\u1ec9 cung c\u1ea5p h\u00e0ng chu\u1ea9n, xu\u1ea5t x\u1ee9 r\u00f5 r\u00e0ng, \u0111\u1ea9y \u0111\u1ee7 ki\u1ec3m \u0111\u1ecbnh v\u1ec1 ch\u1ea5t l\u01b0\u1ee3ng, cam k\u1ebft \u0111\u1ed5i m\u1edbi ho\u00e0n to\u00e0n mi\u1ec5n ph\u00ed.<\/p>\n<p style=\"text-align: justify\"><strong>C\u00f4ng Ty H\u00f3a Ch\u1ea5t\u00a0 Vi\u1ec7t M\u1ef9\u00a0\u2013 VMCGROUP<\/strong>\u00a0\u0111\u01b0\u1ee3c th\u00e0nh l\u1eadp ng\u00e0y 29\/11\/2008 t\u1ea1i TP\u00a0Nha Trang \u2013 t\u1ec9nh Kh\u00e1nh H\u00f2a. T\u1eadp \u0110o\u00e0n H\u00f3a Ch\u1ea5t VMCGROUP l\u00e0 nh\u00e0 ph\u00e2n ph\u1ed1i ti\u00ean phong v\u1ec1 c\u00f4ng nghi\u1ec7p ng\u00e0nh h\u00f3a ch\u1ea5t, ch\u00fang t\u00f4i\u00a0lu\u00f4n \u0111\u01b0\u1ee3c \u0111\u1ed1i t\u00e1c trong v\u00e0 ngo\u00e0i n\u01b0\u1edbc \u0111\u00e1nh gi\u00e1 l\u00e0\u00a0\u201cNh\u00e0 cung c\u1ea5p uy t\u00edn \u2013 \u0111\u1ed1i t\u00e1c tin c\u1eady\u201d\u00a0c\u00f3 ch\u1ea5t l\u01b0\u1ee3ng d\u1ecbch v\u1ee5, ph\u1ee5c v\u1ee5 chuy\u00ean nghi\u1ec7p trong l\u0129nh v\u1ef1c\u00a0ph\u00e2n ph\u1ed1i h\u00f3a ch\u1ea5t c\u00e1c s\u1ea3n ph\u1ea9m\u00a0ng\u00e0nh\u00a0h\u00f3a ch\u1ea5t c\u00f4ng nghi\u1ec7p, h\u00f3a ch\u1ea5t ng\u00e0nh x\u00e2y d\u1ef1ng, c\u00e1c lo\u1ea1i h\u01b0\u01a1ng li\u1ec7u cao c\u1ea5p, ch\u1ea5t ph\u1ee5 gia th\u1ef1c ph\u1ea9m, m\u00e0u th\u1ef1c ph\u1ea9m, ch\u1ea5t t\u1ea9y r\u1eeda c\u00f4ng nghi\u1ec7p tr\u00ean th\u1ecb tr\u01b0\u1eddng to\u00e0n qu\u1ed1c.<\/p>\n<p style=\"text-align: justify\"><span style=\"font-size: 14px\"><strong>C\u00c1C S\u1ea2N PH\u1ea8M C\u00d4NG TY H\u00d3A CH\u1ea4T VI\u1ec6T M\u1ef8 CUNG C\u1ea4P:<\/strong><\/span><\/p>\n<h5 style=\"text-align: justify\"><u><a href=\"https:\/\/vietmychem.com.vn\/hoa-chat-cong-nghiep\" target=\"_blank\" rel=\"noopener\"><span style=\"color: #0066ff\"><span style=\"font-size: 14px\"><strong>1. H\u00f3a ch\u1ea5t c\u00f4ng nghi\u1ec7p Vi\u1ec7t M\u1ef9 &#8211; VMC<\/strong><\/span><\/span><\/a><\/u><\/h5>\n<ul>\n<li style=\"text-align: justify\">&#8211; Dung m\u00f4i c\u00f4ng nghi\u1ec7p: MC, n-Butyl Acetate, MEK, Toluen, Ethanol, Methanol, IPA, Acetone, n-Hexane, dung m\u00f4i ng\u00e0nh s\u01a1n,<\/li>\n<li style=\"text-align: justify\">&#8211; Cung c\u1ea5p axit theo can\/phuy\/b\u1ed3n\/tec HCl 32%;\u00a0 H2SO4 98%, HF; H3PO4; HNO3<\/li>\n<li style=\"text-align: justify\">&#8211; KOH; NH4OH ; NaOH 30%, X\u00fat v\u1ea3y NaOH 99%, FeCl2, FeCl3<\/li>\n<li style=\"text-align: justify\">&#8211; Mu\u1ed1i kim lo\u1ea1i PO43-; SO42-; Cl-;<\/li>\n<li style=\"text-align: justify\">&#8211; H\u00f3a ch\u1ea5t x\u1eed l\u00fd n\u01b0\u1edbc: nh\u01b0 Clorin nh\u1eadt, clorrin TQ, polymers cation, poly anion, PAC, SDS, than ho\u1ea1t t\u00ednh, Oxi gi\u00e0, Javel 7%,<\/li>\n<li style=\"text-align: justify\"><\/li>\n<\/ul>\n<h5 style=\"text-align: justify\"><u><a href=\"https:\/\/vietmychem.com.vn\/hoa-chat-thuy-san\" target=\"_blank\" rel=\"noopener\"><span style=\"color: #0066ff\"><span style=\"font-size: 14px\"><strong>2. H\u00f3a ch\u1ea5t nu\u00f4i th\u1ee7y s\u1ea3n Vi\u1ec7t M\u1ef9 &#8211; VMC<\/strong><\/span><\/span><\/a><\/u><\/h5>\n<ul>\n<li style=\"text-align: justify\">&#8211; X\u1eed l\u00fd n\u01b0\u1edbc: Saponin, Thiosulphate, Oxy gi\u00e0, Acid Citric, Rogen, Acid Acetic, Than ho\u1ea1t t\u00ednh, X\u00fat v\u1ea3y, PAC, Soda, Bicar, Kali, Magie,<\/li>\n<li style=\"text-align: justify\">&#8211; B\u1ed5 sung kho\u00e1ng ch\u1ea5t: Calcium, Zeolit, Azomite, \u0110\u1ed3ng Sulphate, BKC, Chlorine, Aquafit, TCCA,<\/li>\n<li style=\"text-align: justify\">&#8211; Tr\u1ecb b\u1ec7nh gi\u1ea3i \u0111\u1ed9c: M\u1eadt r\u1ec9 \u0111\u01b0\u1eddng, Men vi sinh EM, Vitamic C, Bronopol, Xanh Malachite<\/li>\n<li style=\"text-align: justify\"><\/li>\n<\/ul>\n<h5 style=\"text-align: justify\"><u><a href=\"https:\/\/vietmychem.com.vn\/phu-gia-thuc-pham\" target=\"_blank\" rel=\"noopener\"><span style=\"color: #0066ff\"><span style=\"font-size: 14px\"><strong>3. C\u1ea5t ph\u1ee5 gia h\u01b0\u01a1ng li\u1ec7u th\u1ef1c ph\u1ea9m VMC &#8211; Vi\u1ec7t M\u1ef9<\/strong><\/span><\/span><\/a><\/u><\/h5>\n<ul>\n<li style=\"text-align: justify\">&#8211; H\u01b0\u01a1ng li\u1ec7u th\u1ef1c ph\u1ea9m: D\u1ea7u oliu, d\u1ea7u \u0111i\u1ec1u,&#8230;<\/li>\n<li style=\"text-align: justify\">&#8211; H\u01b0\u01a1ng li\u1ec7u tinh d\u1ea7u thi\u00ean nhi\u00ean: H\u01b0\u01a1ng lanvender, h\u01b0\u01a1ng s\u1ea3 chanh, h\u01b0\u01a1ng cam,&#8230;.<\/li>\n<li style=\"text-align: justify\">&#8211; M\u00e0u th\u1ef1c ph\u1ea9m, m\u00e0u c\u00f4ng nghi\u1ec7p<\/li>\n<li style=\"text-align: justify\">&#8211; Ch\u1ea5t b\u1ea3o qu\u1ea3n, ch\u1ea5t \u0111i\u1ec1u v\u1ecb<\/li>\n<li style=\"text-align: justify\">&#8211; Ph\u1ee5 gia th\u1ef1c ph\u1ea9m b\u00e1nh k\u1eb9o, b\u00fan, nem gi\u00f2 ch\u1ea3,\u2026<\/li>\n<\/ul>\n<h5 style=\"text-align: justify\"><u><a href=\"https:\/\/vietmychem.com.vn\/hoa-chat-thi-nghiem\" target=\"_blank\" rel=\"noopener\"><span style=\"color: #0066ff\"><span style=\"font-size: 14px\"><strong>4. Ho\u00e1 ch\u1ea5t tinh khi\u1ebft v\u00e0 d\u1ee5ng c\u1ee5 ph\u00f2ng th\u00ed nghi\u1ec7m Vi\u1ec7t M\u1ef9 &#8211; VMC<\/strong><\/span><\/span><\/a><\/u><\/h5>\n<ul>\n<li style=\"text-align: justify\">&#8211; Ho\u00e1 ch\u1ea5t th\u00ed nghi\u1ec7m Trung Qu\u1ed1c\u00a0Xilong<\/li>\n<li style=\"text-align: justify\">&#8211; Ho\u00e1 ch\u1ea5t th\u00ed nghi\u1ec7m Scharlau<\/li>\n<li style=\"text-align: justify\">&#8211; Ho\u00e1 ch\u1ea5t th\u00ed nghi\u1ec7m Merck<\/li>\n<li style=\"text-align: justify\">&#8211; Ho\u00e1 ch\u1ea5t sinh ho\u00e1 v\u00e0 sinh h\u1ecdc ph\u00e2n t\u1eed Amersham\/Amresco<\/li>\n<li style=\"text-align: justify\">&#8211; D\u1ee5ng c\u1ee5 ti\u00eau hao Duran\/Schott, H\u00e3ng Kartell<\/li>\n<li style=\"text-align: justify\">&#8211; Thi\u1ebft b\u1ecb m\u00f4i tr\u01b0\u1eddng m\u00e1y \u0111o pH, \u0111o \u0111\u1ed9 d\u1eabn \u0111i\u1ec7n, \u0111\u1ed9 \u0111\u1ee5c, m\u00e1y COD, BOD, M\u00e1y \u0111o \u0111\u1ed9 \u1ed5n, \u0111o c\u01b0\u1eddng \u0111\u1ed9 \u00e1nh s\u00e1ng, \u0111o t\u1ed1c \u0111\u1ed9 gi\u00f3\u2026<\/li>\n<\/ul>\n<h5 style=\"text-align: justify\"><u><a href=\"https:\/\/vietmychem.com.vn\/chat-tay-cong-nghiep\" target=\"_blank\" rel=\"noopener\"><span style=\"color: #0066ff\"><span style=\"font-size: 14px\"><strong>5. H\u00f3a ch\u1ea5t t\u1ea9y r\u1eeda Vi\u1ec7t M\u1ef9 &#8211; VMC<\/strong><\/span><\/span><\/a><\/u><\/h5>\n<ul>\n<li style=\"text-align: justify\">&#8211; T\u1ea9y r\u1eeda c\u00e1u c\u1eb7n \u0111\u01b0\u1eddng \u1ed1ng l\u00e0m m\u00e1t, n\u1ed3i h\u01a1i, b\u00ecnh ng\u01b0ng h\u01a1i nh\u00e0 m\u00e1y nhi\u1ec7t \u0111i\u1ec7n, kh\u00e1ch s\u1ea1n.<\/li>\n<li style=\"text-align: justify\">&#8211; T\u00e1i sinh h\u1ea1t trao \u0111\u1ed5i Ion.<\/li>\n<li style=\"text-align: justify\">&#8211; Thi\u1ebft k\u1ebf t\u01b0 v\u1ea5n h\u1ec7 th\u1ed1ng x\u1eed l\u00fd n\u01b0\u1edbc, cung c\u1ea5p h\u00f3a ch\u1ea5t x\u1eed l\u00fd n\u01b0\u1edbc<\/li>\n<li style=\"text-align: justify\">&#8211; H\u00f3a ch\u1ea5t chuy\u00ean d\u1ee5ng trong v\u1ec7 sinh c\u00f4ng nghi\u1ec7p<\/li>\n<\/ul>\n<h5 style=\"text-align: justify\"><u><a href=\"https:\/\/vietmychem.com.vn\/hoa-chat-xay-dung\" target=\"_blank\" rel=\"noopener\"><span style=\"color: #0066ff\"><span style=\"font-size: 14px\"><strong>6. H\u00f3a ch\u1ea5t x\u00e2y d\u1ef1ng Vi\u1ec7t M\u1ef9 &#8211; VMC<\/strong><\/span><\/span><\/a><\/u><\/h5>\n<ul>\n<li style=\"text-align: justify\">&#8211; Ph\u1ee5 gia x\u00e2y d\u1ef1ng<\/li>\n<li style=\"text-align: justify\">&#8211; Ch\u1ed1ng th\u1ea5m Sika\u2026<\/li>\n<li style=\"text-align: justify\">&#8211; Silicone t\u1ea1o khu\u00f4n<\/li>\n<\/ul>\n<p><span style=\"font-size: 14pt\"><a style=\"background-color: transparent;color: #feb041\" href=\"http:\/\/phugiathucphamvmc.com\/wp-content\/uploads\/2018\/06\/ban-do-he-thong-phan-phoi-vmcgroup.jpg\"><span style=\"line-height: 0\"><img loading=\"lazy\" decoding=\"async\" class=\"alignnone size-full wp-image-1166\" src=\"https:\/\/nguyenlieuthucpham.com.vn\/wp-content\/uploads\/2023\/06\/ban-do-he-thong-phan-phoi-vmcgroup.jpg\" alt=\"ban do he thong phan phoi vmcgroup\" width=\"853\" height=\"1280\" srcset=\"https:\/\/nguyenlieuthucpham.com.vn\/wp-content\/uploads\/2023\/06\/ban-do-he-thong-phan-phoi-vmcgroup.jpg 853w, https:\/\/nguyenlieuthucpham.com.vn\/wp-content\/uploads\/2023\/06\/ban-do-he-thong-phan-phoi-vmcgroup-200x300.jpg 200w, https:\/\/nguyenlieuthucpham.com.vn\/wp-content\/uploads\/2023\/06\/ban-do-he-thong-phan-phoi-vmcgroup-682x1024.jpg 682w, https:\/\/nguyenlieuthucpham.com.vn\/wp-content\/uploads\/2023\/06\/ban-do-he-thong-phan-phoi-vmcgroup-768x1152.jpg 768w, https:\/\/nguyenlieuthucpham.com.vn\/wp-content\/uploads\/2023\/06\/ban-do-he-thong-phan-phoi-vmcgroup-300x450.jpg 300w, https:\/\/nguyenlieuthucpham.com.vn\/wp-content\/uploads\/2023\/06\/ban-do-he-thong-phan-phoi-vmcgroup-600x900.jpg 600w\" sizes=\"auto, (max-width: 853px) 100vw, 853px\" \/><\/span><\/a><\/span><\/p>\n<p style=\"text-align: justify\"><span style=\"font-size: 14pt\"><a style=\"background-color: transparent;color: #feb041\" href=\"http:\/\/phugiathucphamvmc.com\/wp-content\/uploads\/2018\/06\/ban-do-he-thong-phan-phoi-vmcgroup.jpg\"><span style=\"line-height: 0\"><span title=\"Click and drag to resize\">\u200b<\/span><\/span><\/a><\/span><\/p>\n<\/div>\n","protected":false},"excerpt":{"rendered":"<p>C\u00f4ng Ty H\u00f3a Ch\u1ea5t Vi\u1ec7t M\u1ef9\u00a0(VMCGROUP)\u00a0l\u00e0\u00a0c\u00f4ng ty\u00a0nh\u1eadp kh\u1ea9u v\u00e0 ph\u00e2n ph\u1ed1i c\u00e1c lo\u1ea1i h\u00f3a ch\u1ea5t th\u1ee7y s\u1ea3n,\u00a0h\u00f3a ch\u1ea5t\u00a0c\u00f4ng nghi\u1ec7p,\u00a0dung m\u00f4i,\u00a0h\u01b0\u01a1ng li\u1ec7u,\u00a0ch\u1ea5t ph\u1ee5 gia,\u00a0m\u00e0u th\u1ef1c ph\u1ea9m,\u00a0ch\u1ea5t t\u1ea9y r\u1eeda\u00a0v\u1edbi\u00a0h\u1ec7 th\u1ed1ng ph\u00e2n ph\u1ed1i l\u1edbn nh\u1ea5t to\u00e0n qu\u1ed1c. V\u1edbi s\u1ee9 m\u1ec7nh ti\u00ean phong:\u00a0\u201cNh\u00e0 cung c\u1ea5p\u00a0t\u1ed5ng th\u1ec3\u00a0cho t\u1ea5t c\u1ea3 c\u00e1c nhu c\u1ea7u v\u1ec1 c\u00f4ng nghi\u1ec7p\u00a0h\u00f3a ch\u1ea5t\u201d C\u00f4ng Ty H\u00f3a Ch\u1ea5t &hellip;<\/p>\n<p class=\"read-more\"> <a class=\"\" href=\"https:\/\/nguyenlieuthucpham.com.vn\/en\/gioi-thieu\/\"> <span class=\"screen-reader-text\">About us<\/span> Read More &raquo;<\/a><\/p>\n","protected":false},"author":1,"featured_media":1166,"parent":0,"menu_order":0,"comment_status":"closed","ping_status":"closed","template":"","meta":{"site-sidebar-layout":"default","site-content-layout":"default","ast-global-header-display":"","ast-banner-title-visibility":"","ast-main-header-display":"","ast-hfb-above-header-display":"","ast-hfb-below-header-display":"","ast-hfb-mobile-header-display":"","site-post-title":"","ast-breadcrumbs-content":"","ast-featured-img":"","footer-sml-layout":"","theme-transparent-header-meta":"default","adv-header-id-meta":"","stick-header-meta":"","header-above-stick-meta":"","header-main-stick-meta":"","header-below-stick-meta":"","footnotes":""},"class_list":["post-1207","page","type-page","status-publish","has-post-thumbnail","hentry"],"acf":[],"yoast_head":"<!-- This site is optimized with the Yoast SEO Premium plugin v19.6 (Yoast SEO v21.2) - https:\/\/yoast.com\/wordpress\/plugins\/seo\/ -->\n<title>About us - Ph\u1ee5 Gia Th\u1ef1c Ph\u1ea9m Vi\u1ec7t M\u1ef9<\/title>\n<meta name=\"robots\" content=\"index, follow, max-snippet:-1, max-image-preview:large, max-video-preview:-1\" \/>\n<link rel=\"canonical\" href=\"https:\/\/nguyenlieuthucpham.com.vn\/gioi-thieu\/\" \/>\n<meta property=\"og:locale\" content=\"en_US\" \/>\n<meta property=\"og:type\" content=\"article\" \/>\n<meta property=\"og:title\" content=\"About us\" \/>\n<meta property=\"og:description\" content=\"C\u00f4ng Ty H\u00f3a Ch\u1ea5t Vi\u1ec7t M\u1ef9\u00a0(VMCGROUP)\u00a0l\u00e0\u00a0c\u00f4ng ty\u00a0nh\u1eadp kh\u1ea9u v\u00e0 ph\u00e2n ph\u1ed1i c\u00e1c lo\u1ea1i h\u00f3a ch\u1ea5t th\u1ee7y s\u1ea3n,\u00a0h\u00f3a ch\u1ea5t\u00a0c\u00f4ng nghi\u1ec7p,\u00a0dung m\u00f4i,\u00a0h\u01b0\u01a1ng li\u1ec7u,\u00a0ch\u1ea5t ph\u1ee5 gia,\u00a0m\u00e0u th\u1ef1c ph\u1ea9m,\u00a0ch\u1ea5t t\u1ea9y r\u1eeda\u00a0v\u1edbi\u00a0h\u1ec7 th\u1ed1ng ph\u00e2n ph\u1ed1i l\u1edbn nh\u1ea5t to\u00e0n qu\u1ed1c. V\u1edbi s\u1ee9 m\u1ec7nh ti\u00ean phong:\u00a0\u201cNh\u00e0 cung c\u1ea5p\u00a0t\u1ed5ng th\u1ec3\u00a0cho t\u1ea5t c\u1ea3 c\u00e1c nhu c\u1ea7u v\u1ec1 c\u00f4ng nghi\u1ec7p\u00a0h\u00f3a ch\u1ea5t\u201d C\u00f4ng Ty H\u00f3a Ch\u1ea5t &hellip; About us Read More &raquo;\" \/>\n<meta property=\"og:url\" content=\"https:\/\/nguyenlieuthucpham.com.vn\/gioi-thieu\/\" \/>\n<meta property=\"og:site_name\" content=\"Ph\u1ee5 Gia Th\u1ef1c Ph\u1ea9m Vi\u1ec7t M\u1ef9\" \/>\n<meta property=\"article:modified_time\" content=\"2023-12-01T06:19:04+00:00\" \/>\n<meta property=\"og:image\" content=\"https:\/\/nguyenlieuthucpham.com.vn\/wp-content\/uploads\/2023\/06\/ban-do-he-thong-phan-phoi-vmcgroup.jpg\" \/>\n\t<meta property=\"og:image:width\" content=\"853\" \/>\n\t<meta property=\"og:image:height\" content=\"1280\" \/>\n\t<meta property=\"og:image:type\" content=\"image\/jpeg\" \/>\n<meta name=\"twitter:card\" content=\"summary_large_image\" \/>\n<meta name=\"twitter:label1\" content=\"Est. reading time\" \/>\n\t<meta name=\"twitter:data1\" content=\"5 minutes\" \/>\n<script type=\"application\/ld+json\" class=\"yoast-schema-graph\">{\"@context\":\"https:\/\/schema.org\",\"@graph\":[{\"@type\":\"WebPage\",\"@id\":\"https:\/\/nguyenlieuthucpham.com.vn\/gioi-thieu\/\",\"url\":\"https:\/\/nguyenlieuthucpham.com.vn\/gioi-thieu\/\",\"name\":\"About us - Ph\u1ee5 Gia Th\u1ef1c Ph\u1ea9m Vi\u1ec7t M\u1ef9\",\"isPartOf\":{\"@id\":\"https:\/\/nguyenlieuthucpham.com.vn\/#website\"},\"datePublished\":\"2023-06-08T00:55:15+00:00\",\"dateModified\":\"2023-12-01T06:19:04+00:00\",\"breadcrumb\":{\"@id\":\"https:\/\/nguyenlieuthucpham.com.vn\/gioi-thieu\/#breadcrumb\"},\"inLanguage\":\"en-US\",\"potentialAction\":[{\"@type\":\"ReadAction\",\"target\":[\"https:\/\/nguyenlieuthucpham.com.vn\/gioi-thieu\/\"]}]},{\"@type\":\"BreadcrumbList\",\"@id\":\"https:\/\/nguyenlieuthucpham.com.vn\/gioi-thieu\/#breadcrumb\",\"itemListElement\":[{\"@type\":\"ListItem\",\"position\":1,\"name\":\"Trang ch\u1ee7\",\"item\":\"https:\/\/nguyenlieuthucpham.com.vn\/\"},{\"@type\":\"ListItem\",\"position\":2,\"name\":\"About us\"}]},{\"@type\":\"WebSite\",\"@id\":\"https:\/\/nguyenlieuthucpham.com.vn\/#website\",\"url\":\"https:\/\/nguyenlieuthucpham.com.vn\/\",\"name\":\"Ph\u1ee5 Gia Th\u1ef1c Ph\u1ea9m Vi\u1ec7t M\u1ef9\",\"description\":\"\",\"publisher\":{\"@id\":\"https:\/\/nguyenlieuthucpham.com.vn\/#organization\"},\"potentialAction\":[{\"@type\":\"SearchAction\",\"target\":{\"@type\":\"EntryPoint\",\"urlTemplate\":\"https:\/\/nguyenlieuthucpham.com.vn\/?s={search_term_string}\"},\"query-input\":\"required name=search_term_string\"}],\"inLanguage\":\"en-US\"},{\"@type\":\"Organization\",\"@id\":\"https:\/\/nguyenlieuthucpham.com.vn\/#organization\",\"name\":\"Ph\u1ee5 Gia Th\u1ef1c Ph\u1ea9m Vi\u1ec7t M\u1ef9\",\"url\":\"https:\/\/nguyenlieuthucpham.com.vn\/\",\"logo\":{\"@type\":\"ImageObject\",\"inLanguage\":\"en-US\",\"@id\":\"https:\/\/nguyenlieuthucpham.com.vn\/#\/schema\/logo\/image\/\",\"url\":\"https:\/\/nguyenlieuthucpham.com.vn\/wp-content\/uploads\/2023\/06\/LOGO-VCMGROUP-01.jpg\",\"contentUrl\":\"https:\/\/nguyenlieuthucpham.com.vn\/wp-content\/uploads\/2023\/06\/LOGO-VCMGROUP-01.jpg\",\"width\":411,\"height\":393,\"caption\":\"Ph\u1ee5 Gia Th\u1ef1c Ph\u1ea9m Vi\u1ec7t M\u1ef9\"},\"image\":{\"@id\":\"https:\/\/nguyenlieuthucpham.com.vn\/#\/schema\/logo\/image\/\"}}]}<\/script>\n<!-- \/ Yoast SEO Premium plugin. -->","yoast_head_json":{"title":"About us - Ph\u1ee5 Gia Th\u1ef1c Ph\u1ea9m Vi\u1ec7t M\u1ef9","robots":{"index":"index","follow":"follow","max-snippet":"max-snippet:-1","max-image-preview":"max-image-preview:large","max-video-preview":"max-video-preview:-1"},"canonical":"https:\/\/nguyenlieuthucpham.com.vn\/gioi-thieu\/","og_locale":"en_US","og_type":"article","og_title":"About us","og_description":"C\u00f4ng Ty H\u00f3a Ch\u1ea5t Vi\u1ec7t M\u1ef9\u00a0(VMCGROUP)\u00a0l\u00e0\u00a0c\u00f4ng ty\u00a0nh\u1eadp kh\u1ea9u v\u00e0 ph\u00e2n ph\u1ed1i c\u00e1c lo\u1ea1i h\u00f3a ch\u1ea5t th\u1ee7y s\u1ea3n,\u00a0h\u00f3a ch\u1ea5t\u00a0c\u00f4ng nghi\u1ec7p,\u00a0dung m\u00f4i,\u00a0h\u01b0\u01a1ng li\u1ec7u,\u00a0ch\u1ea5t ph\u1ee5 gia,\u00a0m\u00e0u th\u1ef1c ph\u1ea9m,\u00a0ch\u1ea5t t\u1ea9y r\u1eeda\u00a0v\u1edbi\u00a0h\u1ec7 th\u1ed1ng ph\u00e2n ph\u1ed1i l\u1edbn nh\u1ea5t to\u00e0n qu\u1ed1c. V\u1edbi s\u1ee9 m\u1ec7nh ti\u00ean phong:\u00a0\u201cNh\u00e0 cung c\u1ea5p\u00a0t\u1ed5ng th\u1ec3\u00a0cho t\u1ea5t c\u1ea3 c\u00e1c nhu c\u1ea7u v\u1ec1 c\u00f4ng nghi\u1ec7p\u00a0h\u00f3a ch\u1ea5t\u201d C\u00f4ng Ty H\u00f3a Ch\u1ea5t &hellip; About us Read More &raquo;","og_url":"https:\/\/nguyenlieuthucpham.com.vn\/gioi-thieu\/","og_site_name":"Ph\u1ee5 Gia Th\u1ef1c Ph\u1ea9m Vi\u1ec7t M\u1ef9","article_modified_time":"2023-12-01T06:19:04+00:00","og_image":[{"width":853,"height":1280,"url":"https:\/\/nguyenlieuthucpham.com.vn\/wp-content\/uploads\/2023\/06\/ban-do-he-thong-phan-phoi-vmcgroup.jpg","type":"image\/jpeg"}],"twitter_card":"summary_large_image","twitter_misc":{"Est. reading time":"5 minutes"},"schema":{"@context":"https:\/\/schema.org","@graph":[{"@type":"WebPage","@id":"https:\/\/nguyenlieuthucpham.com.vn\/gioi-thieu\/","url":"https:\/\/nguyenlieuthucpham.com.vn\/gioi-thieu\/","name":"About us - Ph\u1ee5 Gia Th\u1ef1c Ph\u1ea9m Vi\u1ec7t M\u1ef9","isPartOf":{"@id":"https:\/\/nguyenlieuthucpham.com.vn\/#website"},"datePublished":"2023-06-08T00:55:15+00:00","dateModified":"2023-12-01T06:19:04+00:00","breadcrumb":{"@id":"https:\/\/nguyenlieuthucpham.com.vn\/gioi-thieu\/#breadcrumb"},"inLanguage":"en-US","potentialAction":[{"@type":"ReadAction","target":["https:\/\/nguyenlieuthucpham.com.vn\/gioi-thieu\/"]}]},{"@type":"BreadcrumbList","@id":"https:\/\/nguyenlieuthucpham.com.vn\/gioi-thieu\/#breadcrumb","itemListElement":[{"@type":"ListItem","position":1,"name":"Trang ch\u1ee7","item":"https:\/\/nguyenlieuthucpham.com.vn\/"},{"@type":"ListItem","position":2,"name":"About us"}]},{"@type":"WebSite","@id":"https:\/\/nguyenlieuthucpham.com.vn\/#website","url":"https:\/\/nguyenlieuthucpham.com.vn\/","name":"Ph\u1ee5 Gia Th\u1ef1c Ph\u1ea9m Vi\u1ec7t M\u1ef9","description":"","publisher":{"@id":"https:\/\/nguyenlieuthucpham.com.vn\/#organization"},"potentialAction":[{"@type":"SearchAction","target":{"@type":"EntryPoint","urlTemplate":"https:\/\/nguyenlieuthucpham.com.vn\/?s={search_term_string}"},"query-input":"required name=search_term_string"}],"inLanguage":"en-US"},{"@type":"Organization","@id":"https:\/\/nguyenlieuthucpham.com.vn\/#organization","name":"Ph\u1ee5 Gia Th\u1ef1c Ph\u1ea9m Vi\u1ec7t M\u1ef9","url":"https:\/\/nguyenlieuthucpham.com.vn\/","logo":{"@type":"ImageObject","inLanguage":"en-US","@id":"https:\/\/nguyenlieuthucpham.com.vn\/#\/schema\/logo\/image\/","url":"https:\/\/nguyenlieuthucpham.com.vn\/wp-content\/uploads\/2023\/06\/LOGO-VCMGROUP-01.jpg","contentUrl":"https:\/\/nguyenlieuthucpham.com.vn\/wp-content\/uploads\/2023\/06\/LOGO-VCMGROUP-01.jpg","width":411,"height":393,"caption":"Ph\u1ee5 Gia Th\u1ef1c Ph\u1ea9m Vi\u1ec7t M\u1ef9"},"image":{"@id":"https:\/\/nguyenlieuthucpham.com.vn\/#\/schema\/logo\/image\/"}}]}},"amp_enabled":true,"_links":{"self":[{"href":"https:\/\/nguyenlieuthucpham.com.vn\/en\/wp-json\/wp\/v2\/pages\/1207","targetHints":{"allow":["GET"]}}],"collection":[{"href":"https:\/\/nguyenlieuthucpham.com.vn\/en\/wp-json\/wp\/v2\/pages"}],"about":[{"href":"https:\/\/nguyenlieuthucpham.com.vn\/en\/wp-json\/wp\/v2\/types\/page"}],"author":[{"embeddable":true,"href":"https:\/\/nguyenlieuthucpham.com.vn\/en\/wp-json\/wp\/v2\/users\/1"}],"replies":[{"embeddable":true,"href":"https:\/\/nguyenlieuthucpham.com.vn\/en\/wp-json\/wp\/v2\/comments?post=1207"}],"version-history":[{"count":1,"href":"https:\/\/nguyenlieuthucpham.com.vn\/en\/wp-json\/wp\/v2\/pages\/1207\/revisions"}],"predecessor-version":[{"id":1208,"href":"https:\/\/nguyenlieuthucpham.com.vn\/en\/wp-json\/wp\/v2\/pages\/1207\/revisions\/1208"}],"wp:featuredmedia":[{"embeddable":true,"href":"https:\/\/nguyenlieuthucpham.com.vn\/en\/wp-json\/wp\/v2\/media\/1166"}],"wp:attachment":[{"href":"https:\/\/nguyenlieuthucpham.com.vn\/en\/wp-json\/wp\/v2\/media?parent=1207"}],"curies":[{"name":"wp","href":"https:\/\/api.w.org\/{rel}","templated":true}]}}