{"id":1315,"date":"2023-06-08T10:52:57","date_gmt":"2023-06-08T03:52:57","guid":{"rendered":"https:\/\/demo.vugiathanphap.com\/san-pham\/bot-bien-tinh\/"},"modified":"2023-09-19T02:23:03","modified_gmt":"2023-09-18T19:23:03","slug":"bot-bien-tinh","status":"publish","type":"product","link":"https:\/\/nguyenlieuthucpham.com.vn\/en\/san-pham\/bot-bien-tinh\/","title":{"rendered":"B\u1ed9t bi\u1ebfn t\u00ednh en"},"content":{"rendered":"<p><strong><a href=\"https:\/\/hoachatvietmy.vn\/?post_type=product&amp;p=3520&amp;preview=true\">Clorin Aquafit \u1ea4n \u0110\u1ed9 70% \u2013 Ca(OCl)2 \u2013 CANXI HYPOCHLORITE<\/a>\u00a0c\u00f3 h\u00e0m l\u01b0\u1ee3ng Clo cao tr\u00ean 70%, ch\u1ea5t l\u01b0\u1ee3ng s\u1ea3n ph\u1ea9m \u1ed5n \u0111\u1ecbnh v\u00e0 gi\u00e1 c\u1ea3 h\u1ee3p l\u00fd \u0111\u01b0\u1ee3c nhi\u1ec1u kh\u00e1ch h\u00e0ng s\u1eed d\u1ee5ng hi\u1ec7n nay.<\/strong><\/p>\n<h4>Th\u00f4ng s\u1ed1 k\u1ef9 thu\u1eadt c\u1ee7a clorin \u1ea4n \u0110\u1ed9 min 70% chi ti\u1ebft nh\u01b0 sau:<\/h4>\n<table width=\"819\">\n<tbody>\n<tr>\n<td width=\"175\">1.T\u00ean s\u1ea3n ph\u1ea9m\/T\u00ean g\u1ecdi kh\u00e1c<\/td>\n<td width=\"585\"><strong>\u00a0<a href=\"https:\/\/hoachatvietmy.vn\/?post_type=product&amp;p=3520&amp;preview=true\">Clorin Aquafit \u1ea4n \u0110\u1ed9 70% \u2013 Ca(OCl)2 \u2013 CANXI HYPOCHLORITE<\/a>\u00a0\/\u00a0<a href=\"https:\/\/hoachatvietmy.vn\/san-pham\/clorin-an-do-ham-luong-70\/\" target=\"_blank\" rel=\"noopener noreferrer\">Clorine \u1ea4n \u0110\u1ed9<\/a><\/strong><\/p>\n<p id=\"detail_product_name\">Calcium Hypochlorite (Chlorine Aquafit \u1ea4n \u0110\u1ed9 70%)<\/p>\n<\/td>\n<\/tr>\n<tr>\n<td width=\"175\">2.Th\u00f4ng tin s\u1ea3n ph\u1ea9m<\/td>\n<td width=\"585\">Quy c\u00e1ch:\u00a045kg\/ th\u00f9ngH\u00e0m l\u01b0\u1ee3ng clo: Min 70%<\/p>\n<p>H\u00ecnh d\u1ea1ng: D\u1ea1ng h\u1ea1t m\u00e0u tr\u1eafng ng\u00e0<\/p>\n<p>\u0110\u1ed9 \u1ea9m: 4,15%<\/p>\n<p>H\u00e0m l\u01b0\u1ee3ng ch\u1ea5t kh\u00f4ng tan: 2,45%<\/p>\n<p>T\u1ef7 tr\u1ecdng: 1,109 gm\/cc<\/td>\n<\/tr>\n<tr>\n<td width=\"175\">3.\u1ee8ng d\u1ee5ng<\/td>\n<td width=\"585\">\u00a0<strong><a href=\"https:\/\/hoachatvietmy.vn\/?post_type=product&amp;p=3520&amp;preview=true\">Clorin Aquafit \u1ea4n \u0110\u1ed9 70% \u2013 Ca(OCl)2 \u2013 CANXI HYPOCHLORITE<\/a>\u00a0<\/strong>\u0111\u01b0\u1ee3c s\u1eed d\u1ee5ng trong:\u2705\u00a0<a href=\"https:\/\/hoachatvietmy.vn\/danh-muc\/hoa-chat-xu-ly-nuoc\/hoa-chat-be-boi\/\" target=\"_blank\" rel=\"noopener noreferrer\"><strong>X\u1eed l\u00fd n\u01b0\u1edbc b\u1ec3 b\u01a1i<\/strong><\/a>: X\u1eed l\u00fd n\u01b0\u1edbc b\u1ec3 b\u01a1i c\u00f3 r\u00eau, x\u1eed l\u00fd n\u01b0\u1edbc b\u1ec3 b\u01a1i b\u1ecb \u0111\u1ed5i m\u00e0u, kh\u1eed tr\u00f9ng n\u01b0\u1edbc b\u1ec3 b\u01a1i<\/p>\n<p>\u2705\u00a0<a href=\"https:\/\/hoachatvietmy.vn\/danh-muc\/hoa-chat-xu-ly-nuoc\/hoa-chat-xu-ly-nuoc-thai\/\" target=\"_blank\" rel=\"noopener noreferrer\"><strong>Kh\u1eed tr\u00f9ng n\u01b0\u1edbc th\u1ea3i<\/strong><\/a>\u00a0sinh ho\u1ea1t v\u00e0 c\u00f4ng nghi\u1ec7p \u2026<\/p>\n<p>\u2705 Kh\u1eed tr\u00f9ng \u0111\u01b0\u1eddng \u1ed1ng c\u1ea5p n\u01b0\u1edbc<\/p>\n<p>\u2705\u00a0<a href=\"https:\/\/hoachatvietmy.vn\/danh-muc\/hoa-chat-xu-ly-nuoc\/hoa-chat-xu-ly-nuoc-sinh-hoat\/\" target=\"_blank\" rel=\"noopener noreferrer\"><strong>Kh\u1eed tr\u00f9ng b\u1ec3 ch\u1ee9a n\u01b0\u1edbc<\/strong><\/a><\/p>\n<p>\u2705 Kh\u1eed tr\u00f9ng \u0111\u00e0i phun n\u01b0\u1edbc<\/p>\n<p>\u2705\u00a0<a href=\"https:\/\/hoachatvietmy.vn\/danh-muc\/hoa-chat-nuoi-trong-thuy-san\/\" target=\"_blank\" rel=\"noopener noreferrer\"><strong>Kh\u1eed tr\u00f9ng nu\u00f4i tr\u1ed3ng th\u1ee7y s\u1ea3n<\/strong><\/a><\/p>\n<p>\u2705 Kh\u1eed tr\u00f9ng chu\u1ed3ng tr\u1ea1i ch\u0103n nu\u00f4i<\/td>\n<\/tr>\n<tr>\n<td width=\"175\">4.H\u00e0m l\u01b0\u1ee3ng\/li\u1ec1u l\u01b0\u1ee3ng tham kh\u1ea3o<\/td>\n<td width=\"585\"><strong><a href=\"https:\/\/hoachatvietmy.vn\/?post_type=product&amp;p=3520&amp;preview=true\">Clorin Aquafit \u1ea4n \u0110\u1ed9 70% \u2013 Ca(OCl)2 \u2013 CANXI HYPOCHLORITE<\/a>\u00a0<\/strong>d\u00f9ng\u00a00,3 \u2013 0,5% (3-5g)\/m3 n\u01b0\u1edbc b\u1ec3 b\u01a1iLi\u1ec1u l\u01b0\u1ee3ng\u00a0Chlorine aquafit s\u1eed d\u1ee5ng t\u00f9y thu\u1ed9c v\u00e0o h\u00e0m l\u01b0\u1ee3ng Chlorine c\u00f3 trong\u00a0<strong>Calcium hypochloride<\/strong>\u00a0v\u00e0 pH m\u00f4i tr\u01b0\u1eddng, h\u00e0m l\u01b0\u1ee3ng ch\u1ea5t h\u1eefu c\u01a1, \u0111\u1ed9 trong c\u1ee7a n\u01b0\u1edbc, ammonia,\u2026<\/p>\n<p>V\u1edbi h\u00e0m l\u01b0\u1ee3ng Chlorine 70%, c\u00f3 th\u1ec3 s\u1eed d\u1ee5ng 50 \u2013100ppm \u0111\u1ec3 kh\u1eed tr\u00f9ng \u0111\u00e1y ao v\u00e0 20 \u201330 ppm \u0111\u1ec3 kh\u1eed tr\u00f9ng n\u01b0\u1edbc ao. Trong ao \u0111ang nu\u00f4i t\u00f4m c\u00e1 c\u00f3 th\u1ec3 d\u00f9ng v\u1edbi h\u00e0m l\u01b0\u1ee3ng 0,1 \u2013 0,2 ppm.<\/td>\n<\/tr>\n<tr>\n<td width=\"175\">5.H\u01b0\u1edbng d\u1eabn s\u1eed d\u1ee5ng<\/td>\n<td width=\"585\">Vui l\u00f2ng\u00a0<a href=\"https:\/\/hoachatvietmy.vn\/cac-chi-nhanh-cua-hoa-chat-viet-my-vmcgroup\/\" target=\"_blank\" rel=\"noopener noreferrer\"><em><strong>li\u00ean h\u1ec7 (t\u1ea1i \u0111\u00e2y)<\/strong><\/em><\/a>\u00a0\u0111\u1ec3 ch\u00fang t\u00f4i t\u01b0 v\u1ea5n ph\u00f9 h\u1ee3p nh\u1ea5t v\u1edbi nhu c\u1ea7u c\u1ee7a qu\u00fd kh\u00e1ch!<\/td>\n<\/tr>\n<tr>\n<td width=\"175\">6.B\u1ea3o qu\u1ea3n<\/td>\n<td width=\"585\">B\u1ea3o qu\u1ea3n n\u01a1i kh\u00f4 r\u00e1o, tr\u00e1nh \u00e1nh n\u1eafng tr\u1ef1c ti\u1ebfp.<\/td>\n<\/tr>\n<tr>\n<td width=\"175\">7.Nh\u1eadp kh\u1ea9u\/Ph\u00e2n ph\u1ed1i b\u1edfi<\/td>\n<td width=\"585\"><a href=\"https:\/\/hoachatvietmy.vn\/\">H\u00f3a ch\u1ea5t Vi\u1ec7t M\u1ef9 \u2013 VMCGROUP<\/a><\/td>\n<\/tr>\n<tr>\n<td width=\"175\">8.Ghi ch\u00fa kh\u00e1c<\/td>\n<td width=\"585\"><em>VMCGROUP chuy\u00ean cung c\u1ea5p t\u1ea5t c\u1ea3 c\u00e1c lo\u1ea1i h\u00f3a ch\u1ea5t, giao h\u00e0ng \u0111\u1ebfn t\u1eadn nh\u00e0 m\u00e1y theo gi\u00e1 D\u1ef1 \u00e1n \u0111\u1ea7y \u0111\u1ee7 ch\u1ee9ng ch\u1ec9 v\u00e0 gi\u1ea5y t\u1edd. Cam k\u1ebft\u00a0<span class=\"_5mfr\"><span class=\"_6qdm\"><img decoding=\"async\" class=\"emoji lazyloaded\" src=\"https:\/\/s.w.org\/images\/core\/emoji\/2.3\/svg\/1f4af.svg\" alt=\"?\" data-ll-status=\"loaded\" \/>\u00a0<\/span><\/span>ch\u1ea5t l\u01b0\u1ee3ng nh\u1eadn \u0111\u1ed5i v\u00e0 tr\u1ea3 h\u00e0ng mi\u1ec5n ph\u00ed!<\/em><strong><a href=\"https:\/\/hoachatvietmy.vn\/danh-muc\/hoa-chat-cong-nghiep\/\" target=\"_blank\" rel=\"noopener noreferrer\">Tham kh\u1ea3o c\u00e1c h\u00f3a ch\u1ea5t kh\u00e1c t\u1ea1i \u0111\u00e2y<\/a><\/strong><\/td>\n<\/tr>\n<tr>\n<td colspan=\"2\" width=\"760\"><strong>THAM KH\u1ea2O TH\u00caM<\/strong><\/td>\n<\/tr>\n<tr>\n<td width=\"175\">\u2606Tham kh\u1ea3o<\/td>\n<td width=\"585\">M\u1ed9t s\u1ed1 s\u1ea3n ph\u1ea9m x\u1eed l\u00fd n\u01b0\u1edbc kh\u00e1c nh\u01b0:<a href=\"https:\/\/hoachatvietmy.vn\/san-pham\/clorin-an-do-ham-luong-70\/\" target=\"_blank\" rel=\"noopener noreferrer\">Clorin \u1ea4n \u0111\u1ed9<\/a>;\u00a0<a href=\"http:\/\/phanphoihoachat.vn\/star-chlo-calcium-hypochloride-clorin-nhat-70-nankai-hc4114.html\" target=\"_blank\" rel=\"noopener noreferrer\">Clorin Nankai nh\u1eadt<\/a>;\u00a0<a href=\"http:\/\/phanphoihoachat.vn\/clorin-trung-quoc-70-super-chlor-thung-50kg-caclo2-hc6537.html\" target=\"_blank\" rel=\"noopener noreferrer\">Clorin Trung Qu\u1ed1c 70%<\/a>,\u00a0<a href=\"http:\/\/phanphoihoachat.vn\/clorin-trung-quoc-nhat-ban-xu-ly-nuoc-boi-hc12463.html\" target=\"_blank\" rel=\"noopener noreferrer\">Clorin trung qu\u1ed1c 65%,\u00a0<\/a><a href=\"https:\/\/hoachatvietmy.vn\/san-pham\/axit-clohidric-hcl-35\/\">Axit Clohidric HCl 35%<\/a>,\u00a0<a href=\"https:\/\/hoachatvietmy.vn\/san-pham\/soda-nong-soda-ash-light-na2co3-992\/\">Soda n\u00f3ng Soda ash light Na2CO3 99,2%<\/a>,\u00a0<a href=\"https:\/\/hoachatvietmy.vn\/san-pham\/polyaluminium-chloride-pac-30-trung-quoc\/\">Polyaluminium chloride PAC 30% Al2O3 trung qu\u1ed1c<\/a>,\u00a0<a href=\"https:\/\/hoachatvietmy.vn\/san-pham\/vien-nen-tcca-200gam-nissan\/\">Vi\u00ean n\u00e9n TCCA 200gam Nissan Nh\u1eadt B\u1ea3n<\/a>,\u00a0<a href=\"https:\/\/hoachatvietmy.vn\/san-pham\/vien-nen-tcca-2gam\/\">Vi\u00ean n\u00e9n TCCA 2gam<\/a>,\u00a0<a href=\"https:\/\/hoachatvietmy.vn\/san-pham\/vien-nen-tcca-20g\/\">Vi\u00ean n\u00e9n TCCA 20gam<\/a><\/p>\n<p class=\"entry-header\"><a href=\"http:\/\/phanphoihoachat.vn\/huong-dan-xu-ly-nuoc-be-boi-ho-boi-moi-nhat.html\" target=\"_blank\" rel=\"noopener noreferrer\">H\u01af\u1edaNG D\u1eaaN X\u1eec L\u00dd N\u01af\u1edaC B\u1ec2 B\u01a0I, H\u1ed2 B\u01a0I M\u1edaI NH\u1ea4T<\/a><\/p>\n<\/td>\n<\/tr>\n<tr>\n<td width=\"175\">\u2606 Video s\u1ea3n xu\u1ea5t<\/td>\n<td width=\"585\"><img loading=\"lazy\" decoding=\"async\" class=\"alignnone size-full wp-image-1168\" src=\"https:\/\/nguyenlieuthucpham.com.vn\/wp-content\/uploads\/2023\/06\/1f449.png\" alt=\"?\" width=\"72\" height=\"72\" \/>\u00a0T\u00ecm hi\u1ec3u nhi\u1ec1u h\u01a1n t\u1ea1i:\u00a0<a href=\"https:\/\/www.youtube.com\/watch?v=VRzUoQ3xo0k&amp;list=PLVf8scbXZJY2qFveZGNqq2-G_0hn83Jwo\" target=\"_blank\" rel=\"noopener noreferrer\">https:\/\/www.youtube.com\/channelvmcgroup<\/a><\/td>\n<\/tr>\n<tr>\n<td width=\"175\">\u2606H\u1ed7 tr\u1ee3 k\u1ef9 thu\u1eadt\/mua h\u00e0ng<\/td>\n<td width=\"585\">Qu\u00fd kh\u00e1ch c\u00f3 nhu c\u1ea7u mua h\u00e0ng ho\u1eb7c c\u1ea7n t\u01b0 v\u1ea5n c\u00e1ch d\u00f9ng vui l\u00f2ng li\u00ean h\u1ec7 chi nh\u00e1nh g\u1ea7n nh\u1ea5t c\u1ee7a VMCGROUP \u1edf cu\u1ed1i trang website ho\u1eb7c\u00a0<a href=\"https:\/\/hoachatvietmy.vn\/cac-chi-nhanh-cua-hoa-chat-viet-my-vmcgroup\/\" target=\"_blank\" rel=\"noopener noreferrer\"><em><strong>t\u1ea1i \u0111\u00e2y<\/strong><\/em><\/a>\u00a0!Tr\u00e2n tr\u1ecdng\u00a0c\u1ea3m \u01a1n Qu\u00fd kh\u00e1ch \u0111\u00e3 \u0111\u1ebfn v\u1edbi\u00a0<strong>H\u00f3a ch\u1ea5t Vi\u1ec7t M\u1ef9<\/strong>!<\/td>\n<\/tr>\n<\/tbody>\n<\/table>\n\n\n<div class=\"kk-star-ratings kksr-auto kksr-align-right kksr-valign-bottom\"\n    data-payload='{&quot;align&quot;:&quot;right&quot;,&quot;id&quot;:&quot;1315&quot;,&quot;slug&quot;:&quot;default&quot;,&quot;valign&quot;:&quot;bottom&quot;,&quot;ignore&quot;:&quot;&quot;,&quot;reference&quot;:&quot;auto&quot;,&quot;class&quot;:&quot;&quot;,&quot;count&quot;:&quot;1&quot;,&quot;legendonly&quot;:&quot;&quot;,&quot;readonly&quot;:&quot;&quot;,&quot;score&quot;:&quot;5&quot;,&quot;starsonly&quot;:&quot;&quot;,&quot;best&quot;:&quot;5&quot;,&quot;gap&quot;:&quot;5&quot;,&quot;greet&quot;:&quot;Rate this product&quot;,&quot;legend&quot;:&quot;5\\\/5 - (1 vote)&quot;,&quot;size&quot;:&quot;24&quot;,&quot;title&quot;:&quot;B\\u1ed9t bi\\u1ebfn t\\u00ednh en&quot;,&quot;width&quot;:&quot;142.5&quot;,&quot;_legend&quot;:&quot;{score}\\\/{best} - ({count} {votes})&quot;,&quot;font_factor&quot;:&quot;1.25&quot;}'>\n            \n<div class=\"kksr-stars\">\n    \n<div class=\"kksr-stars-inactive\">\n            <div class=\"kksr-star\" data-star=\"1\" style=\"padding-right: 5px\">\n            \n\n<div class=\"kksr-icon\" style=\"width: 24px; height: 24px;\"><\/div>\n        <\/div>\n            <div class=\"kksr-star\" data-star=\"2\" style=\"padding-right: 5px\">\n            \n\n<div class=\"kksr-icon\" style=\"width: 24px; height: 24px;\"><\/div>\n        <\/div>\n            <div class=\"kksr-star\" data-star=\"3\" style=\"padding-right: 5px\">\n            \n\n<div class=\"kksr-icon\" style=\"width: 24px; height: 24px;\"><\/div>\n        <\/div>\n            <div class=\"kksr-star\" data-star=\"4\" style=\"padding-right: 5px\">\n            \n\n<div class=\"kksr-icon\" style=\"width: 24px; height: 24px;\"><\/div>\n        <\/div>\n            <div class=\"kksr-star\" data-star=\"5\" style=\"padding-right: 5px\">\n            \n\n<div class=\"kksr-icon\" style=\"width: 24px; height: 24px;\"><\/div>\n        <\/div>\n    <\/div>\n    \n<div class=\"kksr-stars-active\" style=\"width: 142.5px;\">\n            <div class=\"kksr-star\" style=\"padding-right: 5px\">\n            \n\n<div class=\"kksr-icon\" style=\"width: 24px; height: 24px;\"><\/div>\n        <\/div>\n            <div class=\"kksr-star\" style=\"padding-right: 5px\">\n            \n\n<div class=\"kksr-icon\" style=\"width: 24px; height: 24px;\"><\/div>\n        <\/div>\n            <div class=\"kksr-star\" style=\"padding-right: 5px\">\n            \n\n<div class=\"kksr-icon\" style=\"width: 24px; height: 24px;\"><\/div>\n        <\/div>\n            <div class=\"kksr-star\" style=\"padding-right: 5px\">\n            \n\n<div class=\"kksr-icon\" style=\"width: 24px; height: 24px;\"><\/div>\n        <\/div>\n            <div class=\"kksr-star\" style=\"padding-right: 5px\">\n            \n\n<div class=\"kksr-icon\" style=\"width: 24px; height: 24px;\"><\/div>\n        <\/div>\n    <\/div>\n<\/div>\n                \n\n<div class=\"kksr-legend\" style=\"font-size: 19.2px;\">\n            5\/5 - (1 vote)    <\/div>\n    <\/div>\n","protected":false},"excerpt":{"rendered":"<p>Clorin Aquafit \u1ea4n \u0110\u1ed9 70% \u2013 Ca(OCl)2 \u2013 CANXI HYPOCHLORITE\u00a0c\u00f3 h\u00e0m l\u01b0\u1ee3ng Clo cao tr\u00ean 70%, ch\u1ea5t l\u01b0\u1ee3ng s\u1ea3n ph\u1ea9m \u1ed5n \u0111\u1ecbnh v\u00e0 gi\u00e1 c\u1ea3 h\u1ee3p l\u00fd \u0111\u01b0\u1ee3c nhi\u1ec1u kh\u00e1ch h\u00e0ng s\u1eed d\u1ee5ng hi\u1ec7n nay. Th\u00f4ng s\u1ed1 k\u1ef9 thu\u1eadt c\u1ee7a clorin \u1ea4n \u0110\u1ed9 min 70% chi ti\u1ebft nh\u01b0 sau: 1.T\u00ean s\u1ea3n ph\u1ea9m\/T\u00ean g\u1ecdi kh\u00e1c \u00a0Clorin &hellip;<\/p>\n<p class=\"read-more\"> <a class=\"\" href=\"https:\/\/nguyenlieuthucpham.com.vn\/en\/san-pham\/bot-bien-tinh\/\"> <span class=\"screen-reader-text\">B\u1ed9t bi\u1ebfn t\u00ednh en<\/span> Read More &raquo;<\/a><\/p>\n","protected":false},"featured_media":2124,"comment_status":"open","ping_status":"closed","template":"","meta":{"site-sidebar-layout":"default","site-content-layout":"default","ast-global-header-display":"","ast-banner-title-visibility":"","ast-main-header-display":"","ast-hfb-above-header-display":"","ast-hfb-below-header-display":"","ast-hfb-mobile-header-display":"","site-post-title":"","ast-breadcrumbs-content":"","ast-featured-img":"","footer-sml-layout":"","theme-transparent-header-meta":"default","adv-header-id-meta":"","stick-header-meta":"","header-above-stick-meta":"","header-main-stick-meta":"","header-below-stick-meta":""},"product_cat":[68],"product_tag":[74,75,76],"class_list":["post-1315","product","type-product","status-publish","has-post-thumbnail","hentry","product_cat-additives","product_tag-bot-en","product_tag-bot-cao-cap-en","product_tag-bot-mi-en","desktop-align-left","tablet-align-left","mobile-align-left"],"acf":[],"yoast_head":"<!-- This site is optimized with the Yoast SEO Premium plugin v19.6 (Yoast SEO v21.2) - https:\/\/yoast.com\/wordpress\/plugins\/seo\/ -->\n<title>B\u1ed9t bi\u1ebfn t\u00ednh en - Ph\u1ee5 Gia Th\u1ef1c Ph\u1ea9m Vi\u1ec7t M\u1ef9<\/title>\n<meta name=\"robots\" content=\"index, follow, max-snippet:-1, max-image-preview:large, max-video-preview:-1\" \/>\n<link rel=\"canonical\" href=\"https:\/\/nguyenlieuthucpham.com.vn\/en\/san-pham\/bot-bien-tinh\/\" \/>\n<meta property=\"og:locale\" content=\"en_US\" \/>\n<meta property=\"og:type\" content=\"article\" \/>\n<meta property=\"og:title\" content=\"B\u1ed9t bi\u1ebfn t\u00ednh en\" \/>\n<meta property=\"og:description\" content=\"Clorin Aquafit \u1ea4n \u0110\u1ed9 70% \u2013 Ca(OCl)2 \u2013 CANXI HYPOCHLORITE\u00a0c\u00f3 h\u00e0m l\u01b0\u1ee3ng Clo cao tr\u00ean 70%, ch\u1ea5t l\u01b0\u1ee3ng s\u1ea3n ph\u1ea9m \u1ed5n \u0111\u1ecbnh v\u00e0 gi\u00e1 c\u1ea3 h\u1ee3p l\u00fd \u0111\u01b0\u1ee3c nhi\u1ec1u kh\u00e1ch h\u00e0ng s\u1eed d\u1ee5ng hi\u1ec7n nay. Th\u00f4ng s\u1ed1 k\u1ef9 thu\u1eadt c\u1ee7a clorin \u1ea4n \u0110\u1ed9 min 70% chi ti\u1ebft nh\u01b0 sau: 1.T\u00ean s\u1ea3n ph\u1ea9m\/T\u00ean g\u1ecdi kh\u00e1c \u00a0Clorin &hellip; B\u1ed9t bi\u1ebfn t\u00ednh en Read More &raquo;\" \/>\n<meta property=\"og:url\" content=\"https:\/\/nguyenlieuthucpham.com.vn\/en\/san-pham\/bot-bien-tinh\/\" \/>\n<meta property=\"og:site_name\" content=\"Ph\u1ee5 Gia Th\u1ef1c Ph\u1ea9m Vi\u1ec7t M\u1ef9\" \/>\n<meta property=\"article:modified_time\" content=\"2023-09-18T19:23:03+00:00\" \/>\n<meta property=\"og:image\" content=\"https:\/\/nguyenlieuthucpham.com.vn\/wp-content\/uploads\/2023\/09\/CARGILL.jpg\" \/>\n\t<meta property=\"og:image:width\" content=\"800\" \/>\n\t<meta property=\"og:image:height\" content=\"800\" \/>\n\t<meta property=\"og:image:type\" content=\"image\/jpeg\" \/>\n<meta name=\"twitter:card\" content=\"summary_large_image\" \/>\n<meta name=\"twitter:label1\" content=\"Est. reading time\" \/>\n\t<meta name=\"twitter:data1\" content=\"4 minutes\" \/>\n<script type=\"application\/ld+json\" class=\"yoast-schema-graph\">{\"@context\":\"https:\/\/schema.org\",\"@graph\":[{\"@type\":\"WebPage\",\"@id\":\"https:\/\/nguyenlieuthucpham.com.vn\/en\/san-pham\/bot-bien-tinh\/\",\"url\":\"https:\/\/nguyenlieuthucpham.com.vn\/en\/san-pham\/bot-bien-tinh\/\",\"name\":\"B\u1ed9t bi\u1ebfn t\u00ednh en - Ph\u1ee5 Gia Th\u1ef1c Ph\u1ea9m Vi\u1ec7t M\u1ef9\",\"isPartOf\":{\"@id\":\"https:\/\/nguyenlieuthucpham.com.vn\/#website\"},\"datePublished\":\"2023-06-08T03:52:57+00:00\",\"dateModified\":\"2023-09-18T19:23:03+00:00\",\"breadcrumb\":{\"@id\":\"https:\/\/nguyenlieuthucpham.com.vn\/en\/san-pham\/bot-bien-tinh\/#breadcrumb\"},\"inLanguage\":\"en-US\",\"potentialAction\":[{\"@type\":\"ReadAction\",\"target\":[\"https:\/\/nguyenlieuthucpham.com.vn\/en\/san-pham\/bot-bien-tinh\/\"]}]},{\"@type\":\"BreadcrumbList\",\"@id\":\"https:\/\/nguyenlieuthucpham.com.vn\/en\/san-pham\/bot-bien-tinh\/#breadcrumb\",\"itemListElement\":[{\"@type\":\"ListItem\",\"position\":1,\"name\":\"Trang ch\u1ee7\",\"item\":\"https:\/\/nguyenlieuthucpham.com.vn\/\"},{\"@type\":\"ListItem\",\"position\":2,\"name\":\"S\u1ea3n ph\u1ea9m\",\"item\":\"https:\/\/nguyenlieuthucpham.com.vn\/san-pham\/\"},{\"@type\":\"ListItem\",\"position\":3,\"name\":\"B\u1ed9t bi\u1ebfn t\u00ednh en\"}]},{\"@type\":\"WebSite\",\"@id\":\"https:\/\/nguyenlieuthucpham.com.vn\/#website\",\"url\":\"https:\/\/nguyenlieuthucpham.com.vn\/\",\"name\":\"Ph\u1ee5 Gia Th\u1ef1c Ph\u1ea9m Vi\u1ec7t M\u1ef9\",\"description\":\"\",\"publisher\":{\"@id\":\"https:\/\/nguyenlieuthucpham.com.vn\/#organization\"},\"potentialAction\":[{\"@type\":\"SearchAction\",\"target\":{\"@type\":\"EntryPoint\",\"urlTemplate\":\"https:\/\/nguyenlieuthucpham.com.vn\/?s={search_term_string}\"},\"query-input\":\"required name=search_term_string\"}],\"inLanguage\":\"en-US\"},{\"@type\":\"Organization\",\"@id\":\"https:\/\/nguyenlieuthucpham.com.vn\/#organization\",\"name\":\"Ph\u1ee5 Gia Th\u1ef1c Ph\u1ea9m Vi\u1ec7t M\u1ef9\",\"url\":\"https:\/\/nguyenlieuthucpham.com.vn\/\",\"logo\":{\"@type\":\"ImageObject\",\"inLanguage\":\"en-US\",\"@id\":\"https:\/\/nguyenlieuthucpham.com.vn\/#\/schema\/logo\/image\/\",\"url\":\"https:\/\/nguyenlieuthucpham.com.vn\/wp-content\/uploads\/2023\/06\/LOGO-VCMGROUP-01.jpg\",\"contentUrl\":\"https:\/\/nguyenlieuthucpham.com.vn\/wp-content\/uploads\/2023\/06\/LOGO-VCMGROUP-01.jpg\",\"width\":411,\"height\":393,\"caption\":\"Ph\u1ee5 Gia Th\u1ef1c Ph\u1ea9m Vi\u1ec7t M\u1ef9\"},\"image\":{\"@id\":\"https:\/\/nguyenlieuthucpham.com.vn\/#\/schema\/logo\/image\/\"}}]}<\/script>\n<!-- \/ Yoast SEO Premium plugin. -->","yoast_head_json":{"title":"B\u1ed9t bi\u1ebfn t\u00ednh en - Ph\u1ee5 Gia Th\u1ef1c Ph\u1ea9m Vi\u1ec7t M\u1ef9","robots":{"index":"index","follow":"follow","max-snippet":"max-snippet:-1","max-image-preview":"max-image-preview:large","max-video-preview":"max-video-preview:-1"},"canonical":"https:\/\/nguyenlieuthucpham.com.vn\/en\/san-pham\/bot-bien-tinh\/","og_locale":"en_US","og_type":"article","og_title":"B\u1ed9t bi\u1ebfn t\u00ednh en","og_description":"Clorin Aquafit \u1ea4n \u0110\u1ed9 70% \u2013 Ca(OCl)2 \u2013 CANXI HYPOCHLORITE\u00a0c\u00f3 h\u00e0m l\u01b0\u1ee3ng Clo cao tr\u00ean 70%, ch\u1ea5t l\u01b0\u1ee3ng s\u1ea3n ph\u1ea9m \u1ed5n \u0111\u1ecbnh v\u00e0 gi\u00e1 c\u1ea3 h\u1ee3p l\u00fd \u0111\u01b0\u1ee3c nhi\u1ec1u kh\u00e1ch h\u00e0ng s\u1eed d\u1ee5ng hi\u1ec7n nay. Th\u00f4ng s\u1ed1 k\u1ef9 thu\u1eadt c\u1ee7a clorin \u1ea4n \u0110\u1ed9 min 70% chi ti\u1ebft nh\u01b0 sau: 1.T\u00ean s\u1ea3n ph\u1ea9m\/T\u00ean g\u1ecdi kh\u00e1c \u00a0Clorin &hellip; B\u1ed9t bi\u1ebfn t\u00ednh en Read More &raquo;","og_url":"https:\/\/nguyenlieuthucpham.com.vn\/en\/san-pham\/bot-bien-tinh\/","og_site_name":"Ph\u1ee5 Gia Th\u1ef1c Ph\u1ea9m Vi\u1ec7t M\u1ef9","article_modified_time":"2023-09-18T19:23:03+00:00","og_image":[{"width":800,"height":800,"url":"https:\/\/nguyenlieuthucpham.com.vn\/wp-content\/uploads\/2023\/09\/CARGILL.jpg","type":"image\/jpeg"}],"twitter_card":"summary_large_image","twitter_misc":{"Est. reading time":"4 minutes"},"schema":{"@context":"https:\/\/schema.org","@graph":[{"@type":"WebPage","@id":"https:\/\/nguyenlieuthucpham.com.vn\/en\/san-pham\/bot-bien-tinh\/","url":"https:\/\/nguyenlieuthucpham.com.vn\/en\/san-pham\/bot-bien-tinh\/","name":"B\u1ed9t bi\u1ebfn t\u00ednh en - Ph\u1ee5 Gia Th\u1ef1c Ph\u1ea9m Vi\u1ec7t M\u1ef9","isPartOf":{"@id":"https:\/\/nguyenlieuthucpham.com.vn\/#website"},"datePublished":"2023-06-08T03:52:57+00:00","dateModified":"2023-09-18T19:23:03+00:00","breadcrumb":{"@id":"https:\/\/nguyenlieuthucpham.com.vn\/en\/san-pham\/bot-bien-tinh\/#breadcrumb"},"inLanguage":"en-US","potentialAction":[{"@type":"ReadAction","target":["https:\/\/nguyenlieuthucpham.com.vn\/en\/san-pham\/bot-bien-tinh\/"]}]},{"@type":"BreadcrumbList","@id":"https:\/\/nguyenlieuthucpham.com.vn\/en\/san-pham\/bot-bien-tinh\/#breadcrumb","itemListElement":[{"@type":"ListItem","position":1,"name":"Trang ch\u1ee7","item":"https:\/\/nguyenlieuthucpham.com.vn\/"},{"@type":"ListItem","position":2,"name":"S\u1ea3n ph\u1ea9m","item":"https:\/\/nguyenlieuthucpham.com.vn\/san-pham\/"},{"@type":"ListItem","position":3,"name":"B\u1ed9t bi\u1ebfn t\u00ednh en"}]},{"@type":"WebSite","@id":"https:\/\/nguyenlieuthucpham.com.vn\/#website","url":"https:\/\/nguyenlieuthucpham.com.vn\/","name":"Ph\u1ee5 Gia Th\u1ef1c Ph\u1ea9m Vi\u1ec7t M\u1ef9","description":"","publisher":{"@id":"https:\/\/nguyenlieuthucpham.com.vn\/#organization"},"potentialAction":[{"@type":"SearchAction","target":{"@type":"EntryPoint","urlTemplate":"https:\/\/nguyenlieuthucpham.com.vn\/?s={search_term_string}"},"query-input":"required name=search_term_string"}],"inLanguage":"en-US"},{"@type":"Organization","@id":"https:\/\/nguyenlieuthucpham.com.vn\/#organization","name":"Ph\u1ee5 Gia Th\u1ef1c Ph\u1ea9m Vi\u1ec7t M\u1ef9","url":"https:\/\/nguyenlieuthucpham.com.vn\/","logo":{"@type":"ImageObject","inLanguage":"en-US","@id":"https:\/\/nguyenlieuthucpham.com.vn\/#\/schema\/logo\/image\/","url":"https:\/\/nguyenlieuthucpham.com.vn\/wp-content\/uploads\/2023\/06\/LOGO-VCMGROUP-01.jpg","contentUrl":"https:\/\/nguyenlieuthucpham.com.vn\/wp-content\/uploads\/2023\/06\/LOGO-VCMGROUP-01.jpg","width":411,"height":393,"caption":"Ph\u1ee5 Gia Th\u1ef1c Ph\u1ea9m Vi\u1ec7t M\u1ef9"},"image":{"@id":"https:\/\/nguyenlieuthucpham.com.vn\/#\/schema\/logo\/image\/"}}]}},"amp_enabled":true,"_links":{"self":[{"href":"https:\/\/nguyenlieuthucpham.com.vn\/en\/wp-json\/wp\/v2\/product\/1315","targetHints":{"allow":["GET"]}}],"collection":[{"href":"https:\/\/nguyenlieuthucpham.com.vn\/en\/wp-json\/wp\/v2\/product"}],"about":[{"href":"https:\/\/nguyenlieuthucpham.com.vn\/en\/wp-json\/wp\/v2\/types\/product"}],"replies":[{"embeddable":true,"href":"https:\/\/nguyenlieuthucpham.com.vn\/en\/wp-json\/wp\/v2\/comments?post=1315"}],"wp:featuredmedia":[{"embeddable":true,"href":"https:\/\/nguyenlieuthucpham.com.vn\/en\/wp-json\/wp\/v2\/media\/2124"}],"wp:attachment":[{"href":"https:\/\/nguyenlieuthucpham.com.vn\/en\/wp-json\/wp\/v2\/media?parent=1315"}],"wp:term":[{"taxonomy":"product_cat","embeddable":true,"href":"https:\/\/nguyenlieuthucpham.com.vn\/en\/wp-json\/wp\/v2\/product_cat?post=1315"},{"taxonomy":"product_tag","embeddable":true,"href":"https:\/\/nguyenlieuthucpham.com.vn\/en\/wp-json\/wp\/v2\/product_tag?post=1315"}],"curies":[{"name":"wp","href":"https:\/\/api.w.org\/{rel}","templated":true}]}}